{"id":603,"date":"2026-03-26T11:04:57","date_gmt":"2026-03-26T11:04:57","guid":{"rendered":"https:\/\/www.delmarehabilitacion.es\/?page_id=603"},"modified":"2026-03-26T11:09:42","modified_gmt":"2026-03-26T11:09:42","slug":"especialistas-en-columna","status":"publish","type":"page","link":"https:\/\/www.delmarehabilitacion.es\/index.php\/especialistas-en-columna\/","title":{"rendered":"Especialistas en columna"},"content":{"rendered":"\n<h2 class=\"wp-block-heading\">Pioneros en la rehabilitaci\u00f3n de la medicina deportiva.<\/h2>\n\n\n\n<p>Ponemos a tu disposici\u00f3n nuestro prestigio profesional, avalado por m\u00e1s de 40 a\u00f1os de experiencia y dedicaci\u00f3n al&nbsp;mundo de la fisioterapia, la medicina deportiva y la <strong>escuela de espalda<\/strong>, combinado con los \u00faltimos avances en&nbsp;<strong>electromedicina<\/strong>.<\/p>\n\n\n\n<p>En nuestro&nbsp;<strong>centro de fisioterapia y rehabilitaci\u00f3n<\/strong>&nbsp;vas a encontrar un trato emp\u00e1tico, humano, cercano, comprensivo y c\u00f3modo, un espacio de personas que escuchan a personas, donde vamos a ayudarte a entender qu\u00e9 te pasa y llegar al objetivo final:&nbsp;<strong>el bienestar, la salud<\/strong>.<\/p>\n\n\n\n<p>En la actualidad, nuestro&nbsp;<strong>equipo de fisioterapia<\/strong>&nbsp;est\u00e1 formado por&nbsp;<strong>profesionales especializados en patolog\u00eda de columna, ejercicio terape\u00fatico y lesiones deportivas<\/strong>, bajo la direcci\u00f3n de&nbsp;<strong>D. Alberto Montero Ant\u00f3n<\/strong>&nbsp;Col.N\u00ba.: 1.663:<\/p>\n","protected":false},"excerpt":{"rendered":"<p>Pioneros en la rehabilitaci\u00f3n de la medicina deportiva. Ponemos a tu disposici\u00f3n nuestro prestigio profesional, avalado por m\u00e1s de 40 a\u00f1os de experiencia y dedicaci\u00f3n al&nbsp;mundo de la fisioterapia, la medicina deportiva y la escuela de espalda, combinado con los \u00faltimos avances en&nbsp;electromedicina. En nuestro&nbsp;centro de fisioterapia y rehabilitaci\u00f3n&nbsp;vas a encontrar un trato emp\u00e1tico, humano,<\/p>\n","protected":false},"author":1,"featured_media":220,"parent":0,"menu_order":0,"comment_status":"closed","ping_status":"closed","template":"","meta":{"om_disable_all_campaigns":false,"_monsterinsights_skip_tracking":false,"_monsterinsights_sitenote_active":false,"_monsterinsights_sitenote_note":"","_monsterinsights_sitenote_category":0,"_uf_show_specific_survey":0,"_uf_disable_surveys":false,"footnotes":""},"class_list":["post-603","page","type-page","status-publish","has-post-thumbnail","hentry"],"aioseo_notices":[],"_links":{"self":[{"href":"https:\/\/www.delmarehabilitacion.es\/index.php\/wp-json\/wp\/v2\/pages\/603","targetHints":{"allow":["GET"]}}],"collection":[{"href":"https:\/\/www.delmarehabilitacion.es\/index.php\/wp-json\/wp\/v2\/pages"}],"about":[{"href":"https:\/\/www.delmarehabilitacion.es\/index.php\/wp-json\/wp\/v2\/types\/page"}],"author":[{"embeddable":true,"href":"https:\/\/www.delmarehabilitacion.es\/index.php\/wp-json\/wp\/v2\/users\/1"}],"replies":[{"embeddable":true,"href":"https:\/\/www.delmarehabilitacion.es\/index.php\/wp-json\/wp\/v2\/comments?post=603"}],"version-history":[{"count":2,"href":"https:\/\/www.delmarehabilitacion.es\/index.php\/wp-json\/wp\/v2\/pages\/603\/revisions"}],"predecessor-version":[{"id":606,"href":"https:\/\/www.delmarehabilitacion.es\/index.php\/wp-json\/wp\/v2\/pages\/603\/revisions\/606"}],"wp:featuredmedia":[{"embeddable":true,"href":"https:\/\/www.delmarehabilitacion.es\/index.php\/wp-json\/wp\/v2\/media\/220"}],"wp:attachment":[{"href":"https:\/\/www.delmarehabilitacion.es\/index.php\/wp-json\/wp\/v2\/media?parent=603"}],"curies":[{"name":"wp","href":"https:\/\/api.w.org\/{rel}","templated":true}]}}