{"id":46,"date":"2021-09-21T11:17:58","date_gmt":"2021-09-21T11:17:58","guid":{"rendered":"https:\/\/testerwp.com\/wp\/hospital-service\/?page_id=46"},"modified":"2026-02-11T07:04:59","modified_gmt":"2026-02-11T07:04:59","slug":"especialidades-recuperacion-lesiones","status":"publish","type":"page","link":"https:\/\/www.delmarehabilitacion.es\/index.php\/especialidades-recuperacion-lesiones\/","title":{"rendered":"Especialidades"},"content":{"rendered":"\n<p>Bomba Diamagn\u00e9tica CTU Mega 20<br>Patolog\u00eda de Columna<br>Escuela de Espalda<br>Lesiones Deportivas<br>Readaptaci\u00f3n Deportiva<br>Fortalecimiento muscular<\/p>\n\n\n\n<p>T\u00e9cnicas Invasivas bajo control Ecogr\u00e1fico<\/p>\n\n\n\n<p>Centro Especializado en tratamiento con Bomba Diamagn\u00e9tica en Madrid Centro <\/p>\n","protected":false},"excerpt":{"rendered":"<p>Bomba Diamagn\u00e9tica CTU Mega 20Patolog\u00eda de ColumnaEscuela de EspaldaLesiones DeportivasReadaptaci\u00f3n DeportivaFortalecimiento muscular T\u00e9cnicas Invasivas bajo control Ecogr\u00e1fico Centro Especializado en tratamiento con Bomba Diamagn\u00e9tica en Madrid Centro<\/p>\n","protected":false},"author":1,"featured_media":0,"parent":0,"menu_order":0,"comment_status":"closed","ping_status":"closed","template":"","meta":{"om_disable_all_campaigns":false,"_monsterinsights_skip_tracking":false,"_monsterinsights_sitenote_active":false,"_monsterinsights_sitenote_note":"","_monsterinsights_sitenote_category":0,"_uf_show_specific_survey":0,"_uf_disable_surveys":false,"footnotes":""},"class_list":["post-46","page","type-page","status-publish","hentry"],"aioseo_notices":[],"_links":{"self":[{"href":"https:\/\/www.delmarehabilitacion.es\/index.php\/wp-json\/wp\/v2\/pages\/46","targetHints":{"allow":["GET"]}}],"collection":[{"href":"https:\/\/www.delmarehabilitacion.es\/index.php\/wp-json\/wp\/v2\/pages"}],"about":[{"href":"https:\/\/www.delmarehabilitacion.es\/index.php\/wp-json\/wp\/v2\/types\/page"}],"author":[{"embeddable":true,"href":"https:\/\/www.delmarehabilitacion.es\/index.php\/wp-json\/wp\/v2\/users\/1"}],"replies":[{"embeddable":true,"href":"https:\/\/www.delmarehabilitacion.es\/index.php\/wp-json\/wp\/v2\/comments?post=46"}],"version-history":[{"count":7,"href":"https:\/\/www.delmarehabilitacion.es\/index.php\/wp-json\/wp\/v2\/pages\/46\/revisions"}],"predecessor-version":[{"id":530,"href":"https:\/\/www.delmarehabilitacion.es\/index.php\/wp-json\/wp\/v2\/pages\/46\/revisions\/530"}],"wp:attachment":[{"href":"https:\/\/www.delmarehabilitacion.es\/index.php\/wp-json\/wp\/v2\/media?parent=46"}],"curies":[{"name":"wp","href":"https:\/\/api.w.org\/{rel}","templated":true}]}}