{"id":32,"date":"2021-09-21T11:07:16","date_gmt":"2021-09-21T11:07:16","guid":{"rendered":"https:\/\/testerwp.com\/wp\/hospital-service\/?page_id=32"},"modified":"2026-02-08T08:43:38","modified_gmt":"2026-02-08T08:43:38","slug":"recuperacion-lesiones-deportivas","status":"publish","type":"page","link":"https:\/\/www.delmarehabilitacion.es\/index.php\/recuperacion-lesiones-deportivas\/","title":{"rendered":"Recuperaci\u00f3n"},"content":{"rendered":"\n<p>Patolog\u00edas de Columna, Contracturas, Discopat\u00edas, Protusiones, Hernias Discales, S\u00edndromes facetarios<br>Patolog\u00edas degenerativas, artrosis artritis, pr\u00f3tesis cadera, pr\u00f3tesis rodillau<br>Patolog\u00edas deportivas, contracturas, rotura de fibras, esguince tobillo, rodilla. Tendinopat\u00edas, manguito rotador, epicondilitis, epitrocleitis, rotuliana, pata de ganso<br>Tratamiento pre y postquir\u00fargico<\/p>\n","protected":false},"excerpt":{"rendered":"<p>Patolog\u00edas de Columna, Contracturas, Discopat\u00edas, Protusiones, Hernias Discales, S\u00edndromes facetariosPatolog\u00edas degenerativas, artrosis artritis, pr\u00f3tesis cadera, pr\u00f3tesis rodillauPatolog\u00edas deportivas, contracturas, rotura de fibras, esguince tobillo, rodilla. Tendinopat\u00edas, manguito rotador, epicondilitis, epitrocleitis, rotuliana, pata de gansoTratamiento pre y postquir\u00fargico<\/p>\n","protected":false},"author":1,"featured_media":0,"parent":0,"menu_order":0,"comment_status":"closed","ping_status":"closed","template":"","meta":{"om_disable_all_campaigns":false,"_monsterinsights_skip_tracking":false,"_monsterinsights_sitenote_active":false,"_monsterinsights_sitenote_note":"","_monsterinsights_sitenote_category":0,"_uf_show_specific_survey":0,"_uf_disable_surveys":false,"footnotes":""},"class_list":["post-32","page","type-page","status-publish","hentry"],"aioseo_notices":[],"_links":{"self":[{"href":"https:\/\/www.delmarehabilitacion.es\/index.php\/wp-json\/wp\/v2\/pages\/32","targetHints":{"allow":["GET"]}}],"collection":[{"href":"https:\/\/www.delmarehabilitacion.es\/index.php\/wp-json\/wp\/v2\/pages"}],"about":[{"href":"https:\/\/www.delmarehabilitacion.es\/index.php\/wp-json\/wp\/v2\/types\/page"}],"author":[{"embeddable":true,"href":"https:\/\/www.delmarehabilitacion.es\/index.php\/wp-json\/wp\/v2\/users\/1"}],"replies":[{"embeddable":true,"href":"https:\/\/www.delmarehabilitacion.es\/index.php\/wp-json\/wp\/v2\/comments?post=32"}],"version-history":[{"count":3,"href":"https:\/\/www.delmarehabilitacion.es\/index.php\/wp-json\/wp\/v2\/pages\/32\/revisions"}],"predecessor-version":[{"id":446,"href":"https:\/\/www.delmarehabilitacion.es\/index.php\/wp-json\/wp\/v2\/pages\/32\/revisions\/446"}],"wp:attachment":[{"href":"https:\/\/www.delmarehabilitacion.es\/index.php\/wp-json\/wp\/v2\/media?parent=32"}],"curies":[{"name":"wp","href":"https:\/\/api.w.org\/{rel}","templated":true}]}}